{"id":154,"date":"2024-01-18T01:32:19","date_gmt":"2024-01-18T01:32:19","guid":{"rendered":"https:\/\/mexmotor.com\/?page_id=154"},"modified":"2024-12-01T02:34:43","modified_gmt":"2024-12-01T02:34:43","slug":"envios","status":"publish","type":"page","link":"https:\/\/mexmotor.com\/index.php\/envios\/","title":{"rendered":"Env\u00edos"},"content":{"rendered":"<h2 class=\"wp-block-heading\">Pol\u00edtica de env\u00edos<\/h2><p>En MexMotor, estamos comprometidos con brindarte la mejor experiencia de compra, por hemos formado alianzas con distintos proveedores de mensajer\u00eda. A continuaci\u00f3n, te detallamos nuestra pol\u00edtica de env\u00edos, dise\u00f1ada para garantizar que recibas tu motor de manera segura y eficiente.<\/p><h2 class=\"wp-block-heading\">1. Tiempos de entrega<\/h2><p>Los tiempos de entrega pueden variar seg\u00fan la ubicaci\u00f3n que hayas seleccionado y se mostrar\u00e1n en la p\u00e1gina de pago al realizar tu pedido.<\/p><p>El tiempo de entrega de nuestros pedidos es 5 a 10 d\u00edas h\u00e1biles.<\/p><p>Por favor, ten en cuenta que pueden surgir retrasos imprevistos debido a condiciones clim\u00e1ticas extremas o problemas log\u00edsticos ajenos a nuestro control. En tales casos, te mantendremos informado.<\/p><h2 class=\"wp-block-heading\">2. Seguimiento de env\u00edo<\/h2><p>Clientes registrados<\/p><p>Una vez hayas finalizado tu compra podr\u00e1s acceder a tu cuenta donde veras todos tus pedidos y el estado del pedido actual. Cada vez que tu pedido cambie de estado te mandaremos un correo electr\u00f3nico para informarte y cuando el pedido haya salido de nuestras instalaciones te enviaremos un correo electr\u00f3nico con un enlace de la paqueter\u00eda asignada para que puedas seguir tu pedido en tiempo real.<\/p><p>Clientes no registrados<\/p><p>Una vez hayas finalizado tu compra recibir\u00e1s diferentes correos electr\u00f3nicos inform\u00e1ndote del estado de tu pedido. Cuando el pedido haya salido de nuestras instalaciones te enviaremos un correo electr\u00f3nico con un enlace de la paqueter\u00eda asignada para que puedas seguir tu pedido en tiempo real.<\/p><p>Si tienes alguna pregunta sobre el estado de tu env\u00edo, ponte en contacto con nuestro servicio de Atenci\u00f3n al cliente.<\/p><h2 class=\"wp-block-heading\">3. M\u00e9todo de env\u00edo<\/h2><p>Los env\u00edos se realizan por paqueter\u00edas preestablecidas dependiendo del tama\u00f1o y peso del motor.<\/p><h2 class=\"wp-block-heading\">3.1 Env\u00edo a Ocurre<\/h2><p>Si has elegido la opci\u00f3n de env\u00edo a ocurre, te notificaremos por correo electr\u00f3nico o mensaje de texto cuando tu pedido est\u00e9 listo para ser recogido.<\/p><p>Tendr\u00e1s un plazo m\u00e1ximo de 5 d\u00edas naturales a partir de que te notificamos que tu pedido lleg\u00f3. Si despu\u00e9s de este periodo no has recogido tu pedido, nos reservamos el derecho de cancelarlo.<\/p><h2 class=\"wp-block-heading\">3.2 Env\u00edo a domicilio<\/h2><p>Al escoger esta opci\u00f3n, tu pedido ser\u00e1 enviado a la direcci\u00f3n que ingresaste. Ten en cuenta que este proceso depender\u00e1 de una de nuestras empresas de paqueter\u00eda, sin embargo una vez el pedido haya sido enviado te proporcionaremos informaci\u00f3n para que puedas checar su estado en tiempo real.<\/p><h2 class=\"wp-block-heading\">4. Destinos de env\u00edo<\/h2><p>Enviamos nuestros productos a direcciones dentro de la Rep\u00fablica Mexicana. Por favor, aseg\u00farate de proporcionarnos informaci\u00f3n de env\u00edo precisa y completa al hacer tu pedido para evitar retrasos.<\/p><h2 class=\"wp-block-heading\">5. Costos de env\u00edo<\/h2><p>Podr\u00e1s consultar los costo directamente en nuestro chat en linea<\/p>","protected":false},"excerpt":{"rendered":"<p>Pol\u00edtica de env\u00edos En MexMotor, estamos comprometidos con brindarte la mejor experiencia de compra, por hemos formado alianzas con distintos proveedores de mensajer\u00eda. A continuaci\u00f3n, te detallamos nuestra pol\u00edtica de env\u00edos, dise\u00f1ada para garantizar que recibas tu motor de manera segura y eficiente. 1. Tiempos de entrega Los tiempos de entrega pueden variar seg\u00fan la [&hellip;]<\/p>\n","protected":false},"author":1,"featured_media":0,"parent":0,"menu_order":0,"comment_status":"closed","ping_status":"closed","template":"","meta":{"footnotes":""},"class_list":["post-154","page","type-page","status-publish","hentry"],"_links":{"self":[{"href":"https:\/\/mexmotor.com\/index.php\/wp-json\/wp\/v2\/pages\/154"}],"collection":[{"href":"https:\/\/mexmotor.com\/index.php\/wp-json\/wp\/v2\/pages"}],"about":[{"href":"https:\/\/mexmotor.com\/index.php\/wp-json\/wp\/v2\/types\/page"}],"author":[{"embeddable":true,"href":"https:\/\/mexmotor.com\/index.php\/wp-json\/wp\/v2\/users\/1"}],"replies":[{"embeddable":true,"href":"https:\/\/mexmotor.com\/index.php\/wp-json\/wp\/v2\/comments?post=154"}],"version-history":[{"count":4,"href":"https:\/\/mexmotor.com\/index.php\/wp-json\/wp\/v2\/pages\/154\/revisions"}],"predecessor-version":[{"id":730,"href":"https:\/\/mexmotor.com\/index.php\/wp-json\/wp\/v2\/pages\/154\/revisions\/730"}],"wp:attachment":[{"href":"https:\/\/mexmotor.com\/index.php\/wp-json\/wp\/v2\/media?parent=154"}],"curies":[{"name":"wp","href":"https:\/\/api.w.org\/{rel}","templated":true}]}}