{"id":1027,"date":"2025-01-07T01:13:03","date_gmt":"2025-01-07T01:13:03","guid":{"rendered":"https:\/\/mexmotor.com\/?post_type=product&#038;p=1027"},"modified":"2025-02-22T01:34:51","modified_gmt":"2025-02-22T01:34:51","slug":"motor-completo-chevrolet-corsa-1-8-nuevo-remanufacturado-2-anos-de-garantia","status":"publish","type":"product","link":"https:\/\/mexmotor.com\/index.php\/product\/motor-completo-chevrolet-corsa-1-8-nuevo-remanufacturado-2-anos-de-garantia\/","title":{"rendered":"Motor completo chevrolet corsa 1.8 Nuevo remanufacturado   2 A\u00f1os de Garantia"},"content":{"rendered":"<p>Motor completo chevrolet corsa 1.8 Nuevo remanufacturado 2 A\u00f1os de Garantia<\/p>\n<p>LISTO PARA SOLO INSTALAR<br \/>\nINCLUYE: MONOBLOCK, PISTONES, CIGUE\u00d1AL, ANILLOS, METALES, BOMBA DE ACEITE, DISTRIBUCI\u00d3N, CABEZAS, ARBOLES DE LEVAS, CARTER, TAPA DE PUNTERIAS , TAPA DE DISTRIBUCION Y DAMPER<\/p>\n<p>&nbsp;<\/p>\n","protected":false},"excerpt":{"rendered":"<p>Motor completo chevrolet corsa 1.8 Nuevo remanufacturado 2 A\u00f1os de Garantia LISTO PARA SOLO INSTALAR INCLUYE: MONOBLOCK, PISTONES, CIGUE\u00d1AL, ANILLOS, METALES, BOMBA DE ACEITE, DISTRIBUCI\u00d3N, CABEZAS, ARBOLES DE LEVAS, CARTER, TAPA DE PUNTERIAS , TAPA DE DISTRIBUCION Y DAMPER &nbsp;<\/p>\n","protected":false},"featured_media":1028,"comment_status":"open","ping_status":"closed","template":"","meta":[],"product_cat":[140],"product_tag":[],"class_list":{"0":"post-1027","1":"product","2":"type-product","3":"status-publish","4":"has-post-thumbnail","6":"product_cat-inventario","8":"first","9":"instock","10":"sale","11":"shipping-taxable","12":"purchasable","13":"product-type-simple"},"_links":{"self":[{"href":"https:\/\/mexmotor.com\/index.php\/wp-json\/wp\/v2\/product\/1027"}],"collection":[{"href":"https:\/\/mexmotor.com\/index.php\/wp-json\/wp\/v2\/product"}],"about":[{"href":"https:\/\/mexmotor.com\/index.php\/wp-json\/wp\/v2\/types\/product"}],"replies":[{"embeddable":true,"href":"https:\/\/mexmotor.com\/index.php\/wp-json\/wp\/v2\/comments?post=1027"}],"wp:featuredmedia":[{"embeddable":true,"href":"https:\/\/mexmotor.com\/index.php\/wp-json\/wp\/v2\/media\/1028"}],"wp:attachment":[{"href":"https:\/\/mexmotor.com\/index.php\/wp-json\/wp\/v2\/media?parent=1027"}],"wp:term":[{"taxonomy":"product_cat","embeddable":true,"href":"https:\/\/mexmotor.com\/index.php\/wp-json\/wp\/v2\/product_cat?post=1027"},{"taxonomy":"product_tag","embeddable":true,"href":"https:\/\/mexmotor.com\/index.php\/wp-json\/wp\/v2\/product_tag?post=1027"}],"curies":[{"name":"wp","href":"https:\/\/api.w.org\/{rel}","templated":true}]}}