{"id":10736,"date":"2026-04-02T21:44:28","date_gmt":"2026-04-02T21:44:28","guid":{"rendered":"https:\/\/mexmotor.com\/?post_type=product&#038;p=10736"},"modified":"2026-04-02T21:48:35","modified_gmt":"2026-04-02T21:48:35","slug":"motor-fiat-rapid-promaster-2017-2020-1-4-lts-2-ano-de-garantia","status":"publish","type":"product","link":"https:\/\/mexmotor.com\/index.php\/product\/motor-fiat-rapid-promaster-2017-2020-1-4-lts-2-ano-de-garantia\/","title":{"rendered":"Motor Fiat Rapid Promaster 2017-2020 1.4 Lts 2 A\u00f1o de Garantia"},"content":{"rendered":"<p>Motor rapid promaster 2017-2020 1.4 Lts 2 A\u00f1o de Garantia<\/p>\n<p>DESCRIPCION:<br \/>\nMOTOR FIAT 1.4 L<br \/>\nPARA MODELO 2017 A 2020<br \/>\nEN PRESENTACION 7\/8<br \/>\nFOTOS REALES<br \/>\nTOTALMENTE NUEVO<br \/>\n100% ORIGINAL<br \/>\nLISTO PARA INSTALAR<br \/>\nVIENE TAL CUAL COMO SE MUESTRA EN LAS IMAGENES\u00a0 \u00a0\u201cUNICA PIEZA\u201d<br \/>\nCON GARANTIA de 2 a\u00f1os<\/p>\n<p>1 MOTOR TAL CUAL SE MUESTRA EN LAS FOTOS CON CARTER, DAMPER, BOMBA DE ACEITE, BOMBA DE AGUA, BLOQUE COMPLETO, CABEZA COMPLETA CON ARBOLES, DISTRIBUCION COMPLETA, TAPON DE ACEITE, ETC.<\/p>\n<p>\u2013 SON FOTOS REALES DEL MOTOR QUE SE ENTREGA-<\/p>\n<p>-APLICACIONES: Fiat Rapid Promaster 1.4L 2017 al 2020<\/p>\n<p>-TIEMPO DE ENTREGA: EL MOTOR SE ENCUENTRA PARA ENTREGA INMEDIATA<br \/>\nUNA VEZ ACREDITADO EL PAGO, SE REALIZA EL ENVIO, POR EL PESO Y VOLUMEN DEL MOTOR SE ENVIA POR 3 GUERRAS.<\/p>\n<p>SE HACEN ENVIOS A TODA LA REPUBLICA MEXICANA , O BIEN PUEDE VENIR POR EL MOTOR DIRECTAMENTE A NUESTRA BODEGA<\/p>\n<p>-GARANT\u00cdA: 2 A\u00d1OS DE GARANT\u00cdA DIRECTAMENTE CON NOSOTROS.<\/p>\n<p>LAS FOTOS SON REALES DEL PRODUCTO QUE SE ENTREGA<\/p>\n<p>******** FACTURACION ********<\/p>\n<p>* SOLO CUENTA CON 5 DIAS DESPUES DE HACER SU COMPRA PARA SOLICITAR FACTURA ENVIANDONOS SUS DATOS FISCALES : CONSTANCIA DE SITUACION FISCAL OBLIGATORIA.<\/p>\n<p>* LA FACTURA SE SOLICITA ENVIANDO SUS DATOS FISCALES POR MEDIO DE LOS MENSAJES PRIVADOS DESDE SU COMPRA , EN LAS COMPRAS CON ENVIO FULL LA MENSAJERIA SE ACTIVA HASTA QUE LE LLEGA LA PIEZA<\/p>\n<p>* SOLO SE FACTURA DURANTE EL MES QUE HIZO SU COMPRA<\/p>\n<p>* LA FACTURA SE EMITE UN DIA DESPUES DE QUE RECIBE SU COMPRA, PARA ASEGURAR QUE NO HAY ERRORES CON SU PEDIDO YA QUE NO HAY CANCELACIONES DE FACTURA.<\/p>\n<p>* CERRAMOS EL MES LOS DIAS 27 , SI REALIZA SU COMPRA ENTRE EL 28 Y 31 DEL MES , SE FACTURA CON FECHA DEL SIGUIENTE MES.<\/p>\n","protected":false},"excerpt":{"rendered":"<p>Motor rapid promaster 2017-2020 1.4 Lts 2 A\u00f1o de Garantia DESCRIPCION: MOTOR FIAT 1.4 L PARA MODELO 2017 A 2020 EN PRESENTACION 7\/8 FOTOS REALES TOTALMENTE NUEVO 100% ORIGINAL LISTO PARA INSTALAR VIENE TAL CUAL COMO SE MUESTRA EN LAS IMAGENES\u00a0 \u00a0\u201cUNICA PIEZA\u201d CON GARANTIA de 2 a\u00f1os 1 MOTOR TAL CUAL SE MUESTRA EN [&hellip;]<\/p>\n","protected":false},"featured_media":10737,"comment_status":"closed","ping_status":"closed","template":"","meta":[],"product_cat":[104],"product_tag":[105,107,108,109,106],"class_list":{"0":"post-10736","1":"product","2":"type-product","3":"status-publish","4":"has-post-thumbnail","6":"product_cat-fiat","7":"product_tag-fiat","8":"product_tag-panda","9":"product_tag-punto","10":"product_tag-rapid","11":"product_tag-uno","13":"first","14":"instock","15":"sale","16":"shipping-taxable","17":"purchasable","18":"product-type-simple"},"_links":{"self":[{"href":"https:\/\/mexmotor.com\/index.php\/wp-json\/wp\/v2\/product\/10736"}],"collection":[{"href":"https:\/\/mexmotor.com\/index.php\/wp-json\/wp\/v2\/product"}],"about":[{"href":"https:\/\/mexmotor.com\/index.php\/wp-json\/wp\/v2\/types\/product"}],"replies":[{"embeddable":true,"href":"https:\/\/mexmotor.com\/index.php\/wp-json\/wp\/v2\/comments?post=10736"}],"wp:featuredmedia":[{"embeddable":true,"href":"https:\/\/mexmotor.com\/index.php\/wp-json\/wp\/v2\/media\/10737"}],"wp:attachment":[{"href":"https:\/\/mexmotor.com\/index.php\/wp-json\/wp\/v2\/media?parent=10736"}],"wp:term":[{"taxonomy":"product_cat","embeddable":true,"href":"https:\/\/mexmotor.com\/index.php\/wp-json\/wp\/v2\/product_cat?post=10736"},{"taxonomy":"product_tag","embeddable":true,"href":"https:\/\/mexmotor.com\/index.php\/wp-json\/wp\/v2\/product_tag?post=10736"}],"curies":[{"name":"wp","href":"https:\/\/api.w.org\/{rel}","templated":true}]}}