{"id":10791,"date":"2026-04-05T01:24:24","date_gmt":"2026-04-05T01:24:24","guid":{"rendered":"https:\/\/mexmotor.com\/?post_type=product&#038;p=10791"},"modified":"2026-04-05T01:27:58","modified_gmt":"2026-04-05T01:27:58","slug":"motor-chevrolet-equinox-2-4l-2010-al-2017-nuevo-2-anos-de-garantia-copia","status":"publish","type":"product","link":"https:\/\/mexmotor.com\/index.php\/product\/motor-chevrolet-equinox-2-4l-2010-al-2017-nuevo-2-anos-de-garantia-copia\/","title":{"rendered":"Motor Chevrolet Equinox 2.4L 2010 AL 2017 Nuevo 2 A\u00f1os de garant\u00eda (copia)"},"content":{"rendered":"<p>Motor Chevrolet Equinox del 2010 al 2017 Nuevo 2 A\u00f1os de garant\u00eda<\/p>\n<p>DESCRIPCI\u00d3N:<\/p>\n<p>MOTOR COMPLETO<br \/>\nGM 2.4 L<br \/>\nFOTOS REALES<br \/>\nTOTALMENTE NUEVO<br \/>\n100% ORIGINAL<br \/>\nLISTO PARA INSTALAR<br \/>\nVIENE TAL CUAL COMO SE MUESTRA EN LAS IM\u00c1GENES \u00a0 &#8220;\u00daNICA PIEZA&#8221;<br \/>\nCON GARANT\u00cdA<\/p>\n<p>1 MOTOR TAL CUAL SE MUESTRA EN LAS FOTOS CON BLOQUE COMPLETO, CABEZA COMPLETA CON ARBOLES, DISTRIBUCI\u00d3N COMPLETA.<\/p>\n<p>\u2013 SON FOTOS REALES DEL MOTOR QUE SE ENTREGA-<\/p>\n<p>-EL MOTOR SE ENCUENTRA PARA ENTREGA INMEDIATA<br \/>\nUNA VEZ ACREDITADO EL PAGO, SE REALIZA EL ENVI\u00d3, POR EL PESO Y VOLUMEN DEL MOTOR SE ENV\u00cdA POR 3 GUERRAS.<\/p>\n<p>SE HACEN ENV\u00cdOS A TODA LA REP\u00daBLICA MEXICANA , O BIEN PUEDE VENIR POR EL MOTOR DIRECTAMENTE A NUESTRA BODEGA<\/p>\n<p>-GARANT\u00cdA: 2 A\u00d1OS DE GARANT\u00cdA DIRECTAMENTE CON NOSOTROS.<\/p>\n<p>LAS FOTOS SON REALES DEL PRODUCTO QUE SE ENTREGA<\/p>\n","protected":false},"excerpt":{"rendered":"<p>Motor Chevrolet Equinox del 2010 al 2017 Nuevo 2 A\u00f1os de garant\u00eda DESCRIPCI\u00d3N: MOTOR COMPLETO GM 2.4 L FOTOS REALES TOTALMENTE NUEVO 100% ORIGINAL LISTO PARA INSTALAR VIENE TAL CUAL COMO SE MUESTRA EN LAS IM\u00c1GENES \u00a0 &#8220;\u00daNICA PIEZA&#8221; CON GARANT\u00cdA 1 MOTOR TAL CUAL SE MUESTRA EN LAS FOTOS CON BLOQUE COMPLETO, CABEZA COMPLETA [&hellip;]<\/p>\n","protected":false},"featured_media":10792,"comment_status":"closed","ping_status":"closed","template":"","meta":[],"product_cat":[140],"product_tag":[],"class_list":{"0":"post-10791","1":"product","2":"type-product","3":"status-publish","4":"has-post-thumbnail","6":"product_cat-inventario","8":"first","9":"instock","10":"sale","11":"shipping-taxable","12":"purchasable","13":"product-type-simple"},"_links":{"self":[{"href":"https:\/\/mexmotor.com\/index.php\/wp-json\/wp\/v2\/product\/10791"}],"collection":[{"href":"https:\/\/mexmotor.com\/index.php\/wp-json\/wp\/v2\/product"}],"about":[{"href":"https:\/\/mexmotor.com\/index.php\/wp-json\/wp\/v2\/types\/product"}],"replies":[{"embeddable":true,"href":"https:\/\/mexmotor.com\/index.php\/wp-json\/wp\/v2\/comments?post=10791"}],"wp:featuredmedia":[{"embeddable":true,"href":"https:\/\/mexmotor.com\/index.php\/wp-json\/wp\/v2\/media\/10792"}],"wp:attachment":[{"href":"https:\/\/mexmotor.com\/index.php\/wp-json\/wp\/v2\/media?parent=10791"}],"wp:term":[{"taxonomy":"product_cat","embeddable":true,"href":"https:\/\/mexmotor.com\/index.php\/wp-json\/wp\/v2\/product_cat?post=10791"},{"taxonomy":"product_tag","embeddable":true,"href":"https:\/\/mexmotor.com\/index.php\/wp-json\/wp\/v2\/product_tag?post=10791"}],"curies":[{"name":"wp","href":"https:\/\/api.w.org\/{rel}","templated":true}]}}