{"id":10985,"date":"2026-04-11T21:32:05","date_gmt":"2026-04-11T21:32:05","guid":{"rendered":"https:\/\/mexmotor.com\/?post_type=product&#038;p=10985"},"modified":"2026-04-11T21:35:28","modified_gmt":"2026-04-11T21:35:28","slug":"motor-nuevo-hyundai-sonata-2-0l-2016-2020-con-garantia-de-2-anos","status":"publish","type":"product","link":"https:\/\/mexmotor.com\/index.php\/product\/motor-nuevo-hyundai-sonata-2-0l-2016-2020-con-garantia-de-2-anos\/","title":{"rendered":"Motor Nuevo Hyundai Sonata 2.0L 2016\/2020 Con Garantia de 2 A\u00f1os"},"content":{"rendered":"<p>Motor Nuevo Hyundai Sonata 2.0L del 2016 al 2020 Con Garantia de 2 A\u00f1os<\/p>\n<p>DESCRIPCION:<br \/>\nMOTOR Hyundai 2.0L<br \/>\nFOTOS REALES<br \/>\nTOTALMENTE NUEVO<br \/>\n100% ORIGINAL<br \/>\nLISTO PARA INSTALAR<br \/>\nVIENE TAL CUAL COMO SE MUESTRA EN LAS IMAGENES\u00a0 \u00a0\u201cUNICA PIEZA\u201d<br \/>\nCON GARANTIA<\/p>\n<p>1 MOTOR TAL CUAL SE MUESTRA EN LAS FOTOS CON BLOQUE COMPLETO, CABEZA COMPLETA CON ARBOLES, DISTRIBUCION COMPLETA.<\/p>\n<p>\u2013 SON FOTOS REALES DEL MOTOR QUE SE ENTREGA-<\/p>\n<p>-EL MOTOR SE ENCUENTRA PARA ENTREGA INMEDIATA<br \/>\nUNA VEZ ACREDITADO EL PAGO, SE REALIZA EL ENVIO, POR EL PESO Y VOLUMEN DEL MOTOR SE ENVIA POR 3 GUERRAS.<\/p>\n<p>SE HACEN ENVIOS A TODA LA REPUBLICA MEXICANA , O BIEN PUEDE VENIR POR EL MOTOR DIRECTAMENTE A NUESTRA BODEGA<\/p>\n<p>-GARANT\u00cdA: 2 A\u00d1OS DE GARANT\u00cdA DIRECTAMENTE CON NOSOTROS.<\/p>\n<p>LAS FOTOS SON REALES DEL PRODUCTO QUE SE ENTREGA<\/p>\n<p>******** FACTURACION ********<\/p>\n<p>* SOLO CUENTA CON 5 DIAS DESPUES DE HACER SU COMPRA PARA SOLICITAR FACTURA ENVIANDONOS SUS DATOS FISCALES : CONSTANCIA DE SITUACION FISCAL OBLIGATORIA.<\/p>\n<p>* LA FACTURA SE SOLICITA ENVIANDO SUS DATOS FISCALES POR MEDIO DE LOS MENSAJES PRIVADOS DESDE SU COMPRA , EN LAS COMPRAS CON ENVIO FULL LA MENSAJERIA SE ACTIVA HASTA QUE LE LLEGA LA PIEZA<\/p>\n<p>* SOLO SE FACTURA DURANTE EL MES QUE HIZO SU COMPRA<\/p>\n<p>* LA FACTURA SE EMITE UN DIA DESPUES DE QUE RECIBE SU COMPRA, PARA ASEGURAR QUE NO HAY ERRORES CON SU PEDIDO YA QUE NO HAY CANCELACIONES DE FACTURA.<\/p>\n<p>&nbsp;<\/p>\n<p>&nbsp;<\/p>\n","protected":false},"excerpt":{"rendered":"<p>Motor Nuevo Hyundai Sonata 2.0L del 2016 al 2020 Con Garantia de 2 A\u00f1os DESCRIPCION: MOTOR Hyundai 2.0L FOTOS REALES TOTALMENTE NUEVO 100% ORIGINAL LISTO PARA INSTALAR VIENE TAL CUAL COMO SE MUESTRA EN LAS IMAGENES\u00a0 \u00a0\u201cUNICA PIEZA\u201d CON GARANTIA 1 MOTOR TAL CUAL SE MUESTRA EN LAS FOTOS CON BLOQUE COMPLETO, CABEZA COMPLETA CON [&hellip;]<\/p>\n","protected":false},"featured_media":10986,"comment_status":"open","ping_status":"closed","template":"","meta":[],"product_cat":[76,73],"product_tag":[78,74,75,77],"class_list":{"0":"post-10985","1":"product","2":"type-product","3":"status-publish","4":"has-post-thumbnail","6":"product_cat-hyundai","7":"product_cat-kia","8":"product_tag-accent","9":"product_tag-kia","10":"product_tag-rio","11":"product_tag-soul","13":"first","14":"instock","15":"sale","16":"shipping-taxable","17":"purchasable","18":"product-type-simple"},"_links":{"self":[{"href":"https:\/\/mexmotor.com\/index.php\/wp-json\/wp\/v2\/product\/10985"}],"collection":[{"href":"https:\/\/mexmotor.com\/index.php\/wp-json\/wp\/v2\/product"}],"about":[{"href":"https:\/\/mexmotor.com\/index.php\/wp-json\/wp\/v2\/types\/product"}],"replies":[{"embeddable":true,"href":"https:\/\/mexmotor.com\/index.php\/wp-json\/wp\/v2\/comments?post=10985"}],"wp:featuredmedia":[{"embeddable":true,"href":"https:\/\/mexmotor.com\/index.php\/wp-json\/wp\/v2\/media\/10986"}],"wp:attachment":[{"href":"https:\/\/mexmotor.com\/index.php\/wp-json\/wp\/v2\/media?parent=10985"}],"wp:term":[{"taxonomy":"product_cat","embeddable":true,"href":"https:\/\/mexmotor.com\/index.php\/wp-json\/wp\/v2\/product_cat?post=10985"},{"taxonomy":"product_tag","embeddable":true,"href":"https:\/\/mexmotor.com\/index.php\/wp-json\/wp\/v2\/product_tag?post=10985"}],"curies":[{"name":"wp","href":"https:\/\/api.w.org\/{rel}","templated":true}]}}