{"id":1123,"date":"2025-01-24T18:47:45","date_gmt":"2025-01-24T18:47:45","guid":{"rendered":"https:\/\/mexmotor.com\/?post_type=product&#038;p=1123"},"modified":"2026-02-18T02:48:45","modified_gmt":"2026-02-18T02:48:45","slug":"cabeza-urvan-np300-frontier-nv350-2-5-completa","status":"publish","type":"product","link":"https:\/\/mexmotor.com\/index.php\/product\/cabeza-urvan-np300-frontier-nv350-2-5-completa\/","title":{"rendered":"Cabeza Urvan Np300 Frontier Nv350 2.5 Completa"},"content":{"rendered":"<p>CABEZA MOTOR GASOLINA<br \/>\nORIGINAL NISSAN<\/p>\n<p>NISSAN NV350 2.5 2018-2023<br \/>\nNISSAN NP300 2.5 2016-2023<\/p>\n<p>MUY IMPORTANTE:<br \/>\nPARA EVITARTE MOLESTIAS, P\u00c9RDIDA DE TIEMPO Y DEVOLUCIONES INNECESARIAS; ANTES DE COMPRAR ES NECESARIO QUE NOS ENVIES EL N\u00daMERO DE SERIE DEL VEH\u00cdCULO Y DATOS DEL MODELO PARA SURTIRTE LA PIEZA CORRECTA PARA TU AUTO<\/p>\n<p>\u00b0REFACCIONES MEXMOTOR MEXICO\u00b0<\/p>\n","protected":false},"excerpt":{"rendered":"<p>CABEZA MOTOR GASOLINA ORIGINAL NISSAN NISSAN NV350 2.5 2018-2023 NISSAN NP300 2.5 2016-2023 MUY IMPORTANTE: PARA EVITARTE MOLESTIAS, P\u00c9RDIDA DE TIEMPO Y DEVOLUCIONES INNECESARIAS; ANTES DE COMPRAR ES NECESARIO QUE NOS ENVIES EL N\u00daMERO DE SERIE DEL VEH\u00cdCULO Y DATOS DEL MODELO PARA SURTIRTE LA PIEZA CORRECTA PARA TU AUTO \u00b0REFACCIONES MEXMOTOR MEXICO\u00b0<\/p>\n","protected":false},"featured_media":1124,"comment_status":"open","ping_status":"closed","template":"","meta":[],"product_cat":[140],"product_tag":[],"class_list":{"0":"post-1123","1":"product","2":"type-product","3":"status-publish","4":"has-post-thumbnail","6":"product_cat-inventario","8":"first","9":"instock","10":"sale","11":"shipping-taxable","12":"purchasable","13":"product-type-simple"},"_links":{"self":[{"href":"https:\/\/mexmotor.com\/index.php\/wp-json\/wp\/v2\/product\/1123"}],"collection":[{"href":"https:\/\/mexmotor.com\/index.php\/wp-json\/wp\/v2\/product"}],"about":[{"href":"https:\/\/mexmotor.com\/index.php\/wp-json\/wp\/v2\/types\/product"}],"replies":[{"embeddable":true,"href":"https:\/\/mexmotor.com\/index.php\/wp-json\/wp\/v2\/comments?post=1123"}],"wp:featuredmedia":[{"embeddable":true,"href":"https:\/\/mexmotor.com\/index.php\/wp-json\/wp\/v2\/media\/1124"}],"wp:attachment":[{"href":"https:\/\/mexmotor.com\/index.php\/wp-json\/wp\/v2\/media?parent=1123"}],"wp:term":[{"taxonomy":"product_cat","embeddable":true,"href":"https:\/\/mexmotor.com\/index.php\/wp-json\/wp\/v2\/product_cat?post=1123"},{"taxonomy":"product_tag","embeddable":true,"href":"https:\/\/mexmotor.com\/index.php\/wp-json\/wp\/v2\/product_tag?post=1123"}],"curies":[{"name":"wp","href":"https:\/\/api.w.org\/{rel}","templated":true}]}}