{"id":1351,"date":"2025-02-05T23:32:58","date_gmt":"2025-02-05T23:32:58","guid":{"rendered":"https:\/\/mexmotor.com\/?post_type=product&#038;p=1351"},"modified":"2026-04-09T17:42:40","modified_gmt":"2026-04-09T17:42:40","slug":"motor-1-6-de-ram-700-adventure-2018-16-valvulas-compatible-con-modelos-16-20-garantia-1-ano","status":"publish","type":"product","link":"https:\/\/mexmotor.com\/index.php\/product\/motor-1-6-de-ram-700-adventure-2018-16-valvulas-compatible-con-modelos-16-20-garantia-1-ano\/","title":{"rendered":"Motor 1.6, de Ram 700 Adventure 16 v\u00e1lvulas. Compatible con modelos 15-21.  Garantia 1 A\u00f1o"},"content":{"rendered":"<p>Motor 1.6, de Ram 700, Adventure, 16 v\u00e1lvulas.<br \/>\nCompatible con modelos 2015-2021.<\/p>\n<p>**PIEZA ORIGINAL, EXCELENTE, SOLO 9MIL KMS RECORRIDOS**<\/p>\n<p>DESCRIPCION:<br \/>\nMOTOR SEMINUEVO<br \/>\nEN PRESENTACION 7\/8<br \/>\nCON GARANTIA DE 1 A\u00d1O<br \/>\nLISTO PARA INSTALAR<br \/>\nEL MOTOR INCLUYE ,TAPA DE DISTRIBUCION, CARTER, TAPA DE PUNTERIA, TAPA DE DISTRIBUCION, BOMBA DE AGUA, CABEZAS, DISTRIBUCION, MONOBLOCK,PISTONES Y CIGUE\u00d1AL, RETEN TRASERO, BOMBA ACEITE , BALANCINES MOTOR ORIGINAL.<\/p>\n","protected":false},"excerpt":{"rendered":"<p>Motor 1.6, de Ram 700, Adventure, 16 v\u00e1lvulas. Compatible con modelos 2015-2021. **PIEZA ORIGINAL, EXCELENTE, SOLO 9MIL KMS RECORRIDOS** DESCRIPCION: MOTOR SEMINUEVO EN PRESENTACION 7\/8 CON GARANTIA DE 1 A\u00d1O LISTO PARA INSTALAR EL MOTOR INCLUYE ,TAPA DE DISTRIBUCION, CARTER, TAPA DE PUNTERIA, TAPA DE DISTRIBUCION, BOMBA DE AGUA, CABEZAS, DISTRIBUCION, MONOBLOCK,PISTONES Y CIGUE\u00d1AL, RETEN [&hellip;]<\/p>\n","protected":false},"featured_media":1352,"comment_status":"open","ping_status":"closed","template":"","meta":[],"product_cat":[140],"product_tag":[],"class_list":{"0":"post-1351","1":"product","2":"type-product","3":"status-publish","4":"has-post-thumbnail","6":"product_cat-inventario","8":"first","9":"instock","10":"sale","11":"shipping-taxable","12":"purchasable","13":"product-type-simple"},"_links":{"self":[{"href":"https:\/\/mexmotor.com\/index.php\/wp-json\/wp\/v2\/product\/1351"}],"collection":[{"href":"https:\/\/mexmotor.com\/index.php\/wp-json\/wp\/v2\/product"}],"about":[{"href":"https:\/\/mexmotor.com\/index.php\/wp-json\/wp\/v2\/types\/product"}],"replies":[{"embeddable":true,"href":"https:\/\/mexmotor.com\/index.php\/wp-json\/wp\/v2\/comments?post=1351"}],"wp:featuredmedia":[{"embeddable":true,"href":"https:\/\/mexmotor.com\/index.php\/wp-json\/wp\/v2\/media\/1352"}],"wp:attachment":[{"href":"https:\/\/mexmotor.com\/index.php\/wp-json\/wp\/v2\/media?parent=1351"}],"wp:term":[{"taxonomy":"product_cat","embeddable":true,"href":"https:\/\/mexmotor.com\/index.php\/wp-json\/wp\/v2\/product_cat?post=1351"},{"taxonomy":"product_tag","embeddable":true,"href":"https:\/\/mexmotor.com\/index.php\/wp-json\/wp\/v2\/product_tag?post=1351"}],"curies":[{"name":"wp","href":"https:\/\/api.w.org\/{rel}","templated":true}]}}