{"id":1406,"date":"2025-02-08T22:57:25","date_gmt":"2025-02-08T22:57:25","guid":{"rendered":"https:\/\/mexmotor.com\/?post_type=product&#038;p=1406"},"modified":"2025-04-13T17:26:07","modified_gmt":"2025-04-13T17:26:07","slug":"medio-motor-peugeot-partner-1-6-litros-turbo-diesel-hdi","status":"publish","type":"product","link":"https:\/\/mexmotor.com\/index.php\/product\/medio-motor-peugeot-partner-1-6-litros-turbo-diesel-hdi\/","title":{"rendered":"MEDIO MOTOR PEUGEOT PARTNER 1.6 LITROS TURBO DIESEL HDI"},"content":{"rendered":"<p>Motor Nissan Tiida 1.6l 2012-2017 Original 2 A\u00f1os de Garantia<\/p>\n<p>DESCRIPCION:<br \/>\nMOTOR COMPATIBLE<br \/>\nPeugeot Partner<br \/>\nPeugeot RIFTER<br \/>\nPeugeot 208<br \/>\nPeugeot 301<br \/>\nInyecci\u00f3n Directa TURBO DIESEL<br \/>\nModelos : 2012 &#8211; 2022<\/p>\n<p>Incluye :<br \/>\nCigue\u00f1al<br \/>\nMonooblock<br \/>\nBielas con pist\u00f3n<br \/>\nMetal de biela<br \/>\nMetal de centro<br \/>\nAnillos<\/p>\n","protected":false},"excerpt":{"rendered":"<p>Motor Nissan Tiida 1.6l 2012-2017 Original 2 A\u00f1os de Garantia DESCRIPCION: MOTOR COMPATIBLE Peugeot Partner Peugeot RIFTER Peugeot 208 Peugeot 301 Inyecci\u00f3n Directa TURBO DIESEL Modelos : 2012 &#8211; 2022 Incluye : Cigue\u00f1al Monooblock Bielas con pist\u00f3n Metal de biela Metal de centro Anillos<\/p>\n","protected":false},"featured_media":1408,"comment_status":"open","ping_status":"closed","template":"","meta":[],"product_cat":[140],"product_tag":[50,49],"class_list":{"0":"post-1406","1":"product","2":"type-product","3":"status-publish","4":"has-post-thumbnail","6":"product_cat-inventario","7":"product_tag-polo","8":"product_tag-vw","10":"first","11":"instock","12":"shipping-taxable","13":"purchasable","14":"product-type-simple"},"_links":{"self":[{"href":"https:\/\/mexmotor.com\/index.php\/wp-json\/wp\/v2\/product\/1406"}],"collection":[{"href":"https:\/\/mexmotor.com\/index.php\/wp-json\/wp\/v2\/product"}],"about":[{"href":"https:\/\/mexmotor.com\/index.php\/wp-json\/wp\/v2\/types\/product"}],"replies":[{"embeddable":true,"href":"https:\/\/mexmotor.com\/index.php\/wp-json\/wp\/v2\/comments?post=1406"}],"wp:featuredmedia":[{"embeddable":true,"href":"https:\/\/mexmotor.com\/index.php\/wp-json\/wp\/v2\/media\/1408"}],"wp:attachment":[{"href":"https:\/\/mexmotor.com\/index.php\/wp-json\/wp\/v2\/media?parent=1406"}],"wp:term":[{"taxonomy":"product_cat","embeddable":true,"href":"https:\/\/mexmotor.com\/index.php\/wp-json\/wp\/v2\/product_cat?post=1406"},{"taxonomy":"product_tag","embeddable":true,"href":"https:\/\/mexmotor.com\/index.php\/wp-json\/wp\/v2\/product_tag?post=1406"}],"curies":[{"name":"wp","href":"https:\/\/api.w.org\/{rel}","templated":true}]}}