{"id":2076,"date":"2025-03-28T18:47:48","date_gmt":"2025-03-28T18:47:48","guid":{"rendered":"https:\/\/mexmotor.com\/?post_type=product&#038;p=2076"},"modified":"2026-04-14T01:55:15","modified_gmt":"2026-04-14T01:55:15","slug":"motor-nissan-np300-2-anos-de-garantia","status":"publish","type":"product","link":"https:\/\/mexmotor.com\/index.php\/product\/motor-nissan-np300-2-anos-de-garantia\/","title":{"rendered":"Motor Nissan NP300 2 A\u00f1os de garantia"},"content":{"rendered":"<h3 class=\"sc-gHjyzD ccGMLq pf-25_\" data-product-type=\"title\" data-product-id=\"7931874115754\" data-pf-type=\"ProductTitle\">Motor Nissan NP300\u00a0 2 A\u00f1os de garantia<\/h3>\n<p>DESCRIPCION:<br \/>\nMOTOR 2.5\u00a02016 al 2020 QR25<br \/>\nEN PRESENTACION 7\/8<br \/>\nFOTOS REALES<br \/>\nTOTALMENTE NUEVO<br \/>\n100% ORIGINAL<br \/>\nLISTO PARA INSTALAR<br \/>\nVIENE TAL CUAL COMO SE MUESTRA EN LAS IMAGENES\u00a0 \u00a0&#8220;UNICA PIEZA&#8221;<br \/>\nCON GARANTIA<\/p>\n<p>1 MOTOR TAL CUAL SE MUESTRA EN LAS FOTOS CON\u00a0 BLOQUE COMPLETO, CABEZA COMPLETA CON ARBOLES, DISTRIBUCION COMPLETA.<\/p>\n<p>\u2013 SON FOTOS REALES DEL MOTOR QUE SE ENTREGA-<\/p>\n<p>-EL MOTOR SE ENCUENTRA PARA ENTREGA INMEDIATA<br \/>\nUNA VEZ ACREDITADO EL PAGO, SE REALIZA EL ENVIO, POR EL PESO Y VOLUMEN DEL MOTOR SE ENVIA POR 3 GUERRAS.<\/p>\n<p>SE HACEN ENVIOS A TODA LA REPUBLICA MEXICANA , O BIEN PUEDE VENIR POR EL MOTOR DIRECTAMENTE A NUESTRA BODEGA<\/p>\n<p>-GARANT\u00cdA: 2 A\u00d1OS DE GARANT\u00cdA DIRECTAMENTE CON NOSOTROS.<\/p>\n<p>LAS FOTOS SON REALES DEL PRODUCTO QUE SE ENTREGA<\/p>\n<p>******** FACTURACION ********<\/p>\n<p>* SOLO CUENTA CON 5 DIAS DESPUES DE HACER SU COMPRA PARA SOLICITAR FACTURA ENVIANDONOS SUS DATOS FISCALES : CONSTANCIA DE SITUACION FISCAL OBLIGATORIA.<\/p>\n<p>* LA FACTURA SE SOLICITA ENVIANDO SUS DATOS FISCALES POR MEDIO DE LOS MENSAJES PRIVADOS DESDE SU COMPRA , EN LAS COMPRAS CON ENVIO FULL LA MENSAJERIA SE ACTIVA HASTA QUE LE LLEGA LA PIEZA<\/p>\n<p>* SOLO SE FACTURA DURANTE EL MES QUE HIZO SU COMPRA<\/p>\n<p>* LA FACTURA SE EMITE UN DIA DESPUES DE QUE RECIBE SU COMPRA, PARA ASEGURAR QUE NO HAY ERRORES CON SU PEDIDO YA QUE NO HAY CANCELACIONES DE FACTURA.<\/p>\n","protected":false},"excerpt":{"rendered":"<p>Motor Nissan NP300\u00a0 2 A\u00f1os de garantia DESCRIPCION: MOTOR 2.5\u00a02016 al 2020 QR25 EN PRESENTACION 7\/8 FOTOS REALES TOTALMENTE NUEVO 100% ORIGINAL LISTO PARA INSTALAR VIENE TAL CUAL COMO SE MUESTRA EN LAS IMAGENES\u00a0 \u00a0&#8220;UNICA PIEZA&#8221; CON GARANTIA 1 MOTOR TAL CUAL SE MUESTRA EN LAS FOTOS CON\u00a0 BLOQUE COMPLETO, CABEZA COMPLETA CON ARBOLES, DISTRIBUCION [&hellip;]<\/p>\n","protected":false},"featured_media":2079,"comment_status":"closed","ping_status":"closed","template":"","meta":[],"product_cat":[140],"product_tag":[],"class_list":{"0":"post-2076","1":"product","2":"type-product","3":"status-publish","4":"has-post-thumbnail","6":"product_cat-inventario","8":"first","9":"instock","10":"sale","11":"shipping-taxable","12":"purchasable","13":"product-type-simple"},"_links":{"self":[{"href":"https:\/\/mexmotor.com\/index.php\/wp-json\/wp\/v2\/product\/2076"}],"collection":[{"href":"https:\/\/mexmotor.com\/index.php\/wp-json\/wp\/v2\/product"}],"about":[{"href":"https:\/\/mexmotor.com\/index.php\/wp-json\/wp\/v2\/types\/product"}],"replies":[{"embeddable":true,"href":"https:\/\/mexmotor.com\/index.php\/wp-json\/wp\/v2\/comments?post=2076"}],"wp:featuredmedia":[{"embeddable":true,"href":"https:\/\/mexmotor.com\/index.php\/wp-json\/wp\/v2\/media\/2079"}],"wp:attachment":[{"href":"https:\/\/mexmotor.com\/index.php\/wp-json\/wp\/v2\/media?parent=2076"}],"wp:term":[{"taxonomy":"product_cat","embeddable":true,"href":"https:\/\/mexmotor.com\/index.php\/wp-json\/wp\/v2\/product_cat?post=2076"},{"taxonomy":"product_tag","embeddable":true,"href":"https:\/\/mexmotor.com\/index.php\/wp-json\/wp\/v2\/product_tag?post=2076"}],"curies":[{"name":"wp","href":"https:\/\/api.w.org\/{rel}","templated":true}]}}