{"id":4143,"date":"2025-07-21T01:30:32","date_gmt":"2025-07-21T01:30:32","guid":{"rendered":"https:\/\/mexmotor.com\/?post_type=product&#038;p=4143"},"modified":"2025-10-16T03:11:52","modified_gmt":"2025-10-16T03:11:52","slug":"motor-kia-forte-2-0-modelo-2016-al-2020-nuevo-2-anos-de-garantia","status":"publish","type":"product","link":"https:\/\/mexmotor.com\/index.php\/product\/motor-kia-forte-2-0-modelo-2016-al-2020-nuevo-2-anos-de-garantia\/","title":{"rendered":"Motor Kia Forte 2.0 modelo 2016 al 2020 Nuevo 2 A\u00f1os de garantia"},"content":{"rendered":"<p>Motor Kia Forte modelos del 2016 al 2019 con 2 A\u00f1o de garantia en piezas internas<\/p>\n<p>DESCRIPCION:<br \/>\nMOTOR 2.0<br \/>\nPARA MODELO 2016 al 2020<br \/>\nEN PRESENTACION 7\/8<br \/>\nFOTOS REALES<br \/>\nLISTO PARA INSTALAR<br \/>\nVIENE TAL CUAL COMO SE MUESTRA EN LAS IMAGENES\u00a0 \u00a0&#8220;UNICA PIEZA&#8221;<br \/>\nCON GARANTIA<\/p>\n<p>1 MOTOR TAL CUAL SE MUESTRA EN LAS FOTOS.<\/p>\n<p>\u2013 SON FOTOS REALES DEL MOTOR QUE SE ENTREGA-<\/p>\n<p>-TIEMPO DE ENTREGA: EL MOTOR SE ENCUENTRA PARA ENTREGA INMEDIATA<br \/>\nUNA VEZ ACREDITADO EL PAGO, SE REALIZA EL ENVIO, POR EL PESO Y VOLUMEN DEL MOTOR SE ENVIA POR 3 GUERRAS.<\/p>\n<p>SE HACEN ENVIOS A TODA LA REPUBLICA MEXICANA , O BIEN PUEDE VENIR POR EL MOTOR DIRECTAMENTE A NUESTRA BODEGA<\/p>\n<p>-GARANT\u00cdA: 2 A\u00d1OS DE GARANT\u00cdA DIRECTAMENTE CON NOSOTROS.<\/p>\n<p>LAS FOTOS SON REALES DEL PRODUCTO QUE SE ENTREGA<\/p>\n<p>******** FACTURACION ********<\/p>\n<p>* SOLO CUENTA CON 5 DIAS DESPUES DE HACER SU COMPRA PARA SOLICITAR FACTURA ENVIANDONOS SUS DATOS FISCALES : CONSTANCIA DE SITUACION FISCAL OBLIGATORIA.<\/p>\n<p>* LA FACTURA SE SOLICITA ENVIANDO SUS DATOS FISCALES POR MEDIO DE LOS MENSAJES PRIVADOS DESDE SU COMPRA , EN LAS COMPRAS CON ENVIO FULL LA MENSAJERIA SE ACTIVA HASTA QUE LE LLEGA LA PIEZA<\/p>\n<p>* SOLO SE FACTURA DURANTE EL MES QUE HIZO SU COMPRA<\/p>\n<p>* LA FACTURA SE EMITE UN DIA DESPUES DE QUE RECIBE SU COMPRA, PARA ASEGURAR QUE NO HAY ERRORES CON SU PEDIDO YA QUE NO HAY CANCELACIONES DE FACTURA.<\/p>\n","protected":false},"excerpt":{"rendered":"<p>Motor Kia Forte modelos del 2016 al 2019 con 2 A\u00f1o de garantia en piezas internas DESCRIPCION: MOTOR 2.0 PARA MODELO 2016 al 2020 EN PRESENTACION 7\/8 FOTOS REALES LISTO PARA INSTALAR VIENE TAL CUAL COMO SE MUESTRA EN LAS IMAGENES\u00a0 \u00a0&#8220;UNICA PIEZA&#8221; CON GARANTIA 1 MOTOR TAL CUAL SE MUESTRA EN LAS FOTOS. \u2013 [&hellip;]<\/p>\n","protected":false},"featured_media":4144,"comment_status":"closed","ping_status":"closed","template":"","meta":[],"product_cat":[140],"product_tag":[],"class_list":{"0":"post-4143","1":"product","2":"type-product","3":"status-publish","4":"has-post-thumbnail","6":"product_cat-inventario","8":"first","9":"instock","10":"sale","11":"shipping-taxable","12":"purchasable","13":"product-type-simple"},"_links":{"self":[{"href":"https:\/\/mexmotor.com\/index.php\/wp-json\/wp\/v2\/product\/4143"}],"collection":[{"href":"https:\/\/mexmotor.com\/index.php\/wp-json\/wp\/v2\/product"}],"about":[{"href":"https:\/\/mexmotor.com\/index.php\/wp-json\/wp\/v2\/types\/product"}],"replies":[{"embeddable":true,"href":"https:\/\/mexmotor.com\/index.php\/wp-json\/wp\/v2\/comments?post=4143"}],"wp:featuredmedia":[{"embeddable":true,"href":"https:\/\/mexmotor.com\/index.php\/wp-json\/wp\/v2\/media\/4144"}],"wp:attachment":[{"href":"https:\/\/mexmotor.com\/index.php\/wp-json\/wp\/v2\/media?parent=4143"}],"wp:term":[{"taxonomy":"product_cat","embeddable":true,"href":"https:\/\/mexmotor.com\/index.php\/wp-json\/wp\/v2\/product_cat?post=4143"},{"taxonomy":"product_tag","embeddable":true,"href":"https:\/\/mexmotor.com\/index.php\/wp-json\/wp\/v2\/product_tag?post=4143"}],"curies":[{"name":"wp","href":"https:\/\/api.w.org\/{rel}","templated":true}]}}