{"id":4179,"date":"2025-07-22T00:12:50","date_gmt":"2025-07-22T00:12:50","guid":{"rendered":"https:\/\/mexmotor.com\/?post_type=product&#038;p=4179"},"modified":"2026-01-30T20:26:41","modified_gmt":"2026-01-30T20:26:41","slug":"motor-ram-1500-3-7-nuevo-remanufacturado-2-anos-de-garantia","status":"publish","type":"product","link":"https:\/\/mexmotor.com\/index.php\/product\/motor-ram-1500-3-7-nuevo-remanufacturado-2-anos-de-garantia\/","title":{"rendered":"Motor Ram 1500 Jeep 3.7 Nuevo remanufacturado 2 a\u00f1os de garantia"},"content":{"rendered":"<p>Motor Dodge Ram1500 \/ Liberty 3.7lts. Nuevo 2 A\u00f1os de garantia<\/p>\n<p>DESCRIPCION:<br \/>\nMOTOR Dodge Ram 3.7 L T<br \/>\nEN PRESENTACION 7\/8<br \/>\nFOTOS REALES<br \/>\nTOTALMENTE NUEVO<br \/>\n100% ORIGINAL<br \/>\nLISTO PARA INSTALAR<br \/>\nVIENE TAL CUAL COMO SE MUESTRA EN LAS IMAGENES\u00a0 \u00a0&#8220;UNICA PIEZA&#8221;<br \/>\nCON GARANTIA de 2 a\u00f1os<\/p>\n<p>1 MOTOR TAL CUAL SE MUESTRA EN LAS FOTOS CON CARTER,\u00a0 BLOQUE COMPLETO, CABEZA COMPLETA CON ARBOLES, DISTRIBUCION COMPLETA, ETC.<\/p>\n<p>\u2013 SON FOTOS REALES DEL MOTOR QUE SE ENTREGA-<\/p>\n<p>-APLICACIONES: Motor Dodge, Jeep 3.7 lts.<\/p>\n<p>-TIEMPO DE ENTREGA: EL MOTOR SE ENCUENTRA PARA ENTREGA INMEDIATA<br \/>\nUNA VEZ ACREDITADO EL PAGO, SE REALIZA EL ENVIO, POR EL PESO Y VOLUMEN DEL MOTOR SE ENVIA POR 3 GUERRAS.<\/p>\n<p>SE HACEN ENVIOS A TODA LA REPUBLICA MEXICANA , O BIEN PUEDE VENIR POR EL MOTOR DIRECTAMENTE A NUESTRA BODEGA<\/p>\n<p>-GARANT\u00cdA: 2 A\u00d1OS DE GARANT\u00cdA DIRECTAMENTE CON NOSOTROS.<\/p>\n<p>LAS FOTOS SON REALES DEL PRODUCTO QUE SE ENTREGA<\/p>\n<p>******** FACTURACION ********<\/p>\n<p>* SOLO CUENTA CON 5 DIAS DESPUES DE HACER SU COMPRA PARA SOLICITAR FACTURA ENVIANDONOS SUS DATOS FISCALES : CONSTANCIA DE SITUACION FISCAL OBLIGATORIA.<\/p>\n<p>* LA FACTURA SE SOLICITA ENVIANDO SUS DATOS FISCALES POR MEDIO DE LOS MENSAJES PRIVADOS DESDE SU COMPRA , EN LAS COMPRAS CON ENVIO FULL LA MENSAJERIA SE ACTIVA HASTA QUE LE LLEGA LA PIEZA<\/p>\n<p>* SOLO SE FACTURA DURANTE EL MES QUE HIZO SU COMPRA<\/p>\n<p>* LA FACTURA SE EMITE UN DIA DESPUES DE QUE RECIBE SU COMPRA, PARA ASEGURAR QUE NO HAY ERRORES CON SU PEDIDO YA QUE NO HAY CANCELACIONES DE FACTURA.<\/p>\n<p>* CERRAMOS EL MES LOS DIAS 27 , SI REALIZA SU COMPRA ENTRE EL 28 Y 31 DEL MES , SE FACTURA CON FECHA DEL SIGUIENTE MES.<\/p>\n","protected":false},"excerpt":{"rendered":"<p>Motor Dodge Ram1500 \/ Liberty 3.7lts. Nuevo 2 A\u00f1os de garantia DESCRIPCION: MOTOR Dodge Ram 3.7 L T EN PRESENTACION 7\/8 FOTOS REALES TOTALMENTE NUEVO 100% ORIGINAL LISTO PARA INSTALAR VIENE TAL CUAL COMO SE MUESTRA EN LAS IMAGENES\u00a0 \u00a0&#8220;UNICA PIEZA&#8221; CON GARANTIA de 2 a\u00f1os 1 MOTOR TAL CUAL SE MUESTRA EN LAS FOTOS [&hellip;]<\/p>\n","protected":false},"featured_media":4180,"comment_status":"closed","ping_status":"closed","template":"","meta":[],"product_cat":[140],"product_tag":[],"class_list":{"0":"post-4179","1":"product","2":"type-product","3":"status-publish","4":"has-post-thumbnail","6":"product_cat-inventario","8":"first","9":"instock","10":"sale","11":"shipping-taxable","12":"purchasable","13":"product-type-simple"},"_links":{"self":[{"href":"https:\/\/mexmotor.com\/index.php\/wp-json\/wp\/v2\/product\/4179"}],"collection":[{"href":"https:\/\/mexmotor.com\/index.php\/wp-json\/wp\/v2\/product"}],"about":[{"href":"https:\/\/mexmotor.com\/index.php\/wp-json\/wp\/v2\/types\/product"}],"replies":[{"embeddable":true,"href":"https:\/\/mexmotor.com\/index.php\/wp-json\/wp\/v2\/comments?post=4179"}],"wp:featuredmedia":[{"embeddable":true,"href":"https:\/\/mexmotor.com\/index.php\/wp-json\/wp\/v2\/media\/4180"}],"wp:attachment":[{"href":"https:\/\/mexmotor.com\/index.php\/wp-json\/wp\/v2\/media?parent=4179"}],"wp:term":[{"taxonomy":"product_cat","embeddable":true,"href":"https:\/\/mexmotor.com\/index.php\/wp-json\/wp\/v2\/product_cat?post=4179"},{"taxonomy":"product_tag","embeddable":true,"href":"https:\/\/mexmotor.com\/index.php\/wp-json\/wp\/v2\/product_tag?post=4179"}],"curies":[{"name":"wp","href":"https:\/\/api.w.org\/{rel}","templated":true}]}}