{"id":481,"date":"2024-11-29T21:07:42","date_gmt":"2024-11-29T21:07:42","guid":{"rendered":"https:\/\/mexmotor.com\/?post_type=product&#038;p=481"},"modified":"2024-12-05T18:33:19","modified_gmt":"2024-12-05T18:33:19","slug":"motor-tiida-1-8-2-anos-garantia-verificado-nuevo-de-fabrica","status":"publish","type":"product","link":"https:\/\/mexmotor.com\/index.php\/product\/motor-tiida-1-8-2-anos-garantia-verificado-nuevo-de-fabrica\/","title":{"rendered":"Motor Tiida 1.8\/  2 A\u00f1os Garant\u00eda Verificado Nuevo de fabrica"},"content":{"rendered":"<p>Motor Nissan Tiida 1.8 Original con Kit de Instalaci\u00f3n que incluye:<br \/>\nAceite Mobil 1 4.73L con un valor de 1850 pesos mexicanos.<br \/>\nBobinas Originales 4PZ.<br \/>\nAnticongelante Mobil al 50%.<br \/>\nFiltro de Aceite Nissan 1PZ.<\/p>\n","protected":false},"excerpt":{"rendered":"<p>Motor Nissan Tiida 1.8 Original con Kit de Instalaci\u00f3n que incluye: Aceite Mobil 1 4.73L con un valor de 1850 pesos mexicanos. Bobinas Originales 4PZ. Anticongelante Mobil al 50%. Filtro de Aceite Nissan 1PZ.<\/p>\n","protected":false},"featured_media":482,"comment_status":"open","ping_status":"closed","template":"","meta":[],"product_cat":[22],"product_tag":[23,26],"class_list":{"0":"post-481","1":"product","2":"type-product","3":"status-publish","4":"has-post-thumbnail","6":"product_cat-nissan","7":"product_tag-nissan","8":"product_tag-tida","10":"first","11":"instock","12":"shipping-taxable","13":"purchasable","14":"product-type-simple"},"_links":{"self":[{"href":"https:\/\/mexmotor.com\/index.php\/wp-json\/wp\/v2\/product\/481"}],"collection":[{"href":"https:\/\/mexmotor.com\/index.php\/wp-json\/wp\/v2\/product"}],"about":[{"href":"https:\/\/mexmotor.com\/index.php\/wp-json\/wp\/v2\/types\/product"}],"replies":[{"embeddable":true,"href":"https:\/\/mexmotor.com\/index.php\/wp-json\/wp\/v2\/comments?post=481"}],"wp:featuredmedia":[{"embeddable":true,"href":"https:\/\/mexmotor.com\/index.php\/wp-json\/wp\/v2\/media\/482"}],"wp:attachment":[{"href":"https:\/\/mexmotor.com\/index.php\/wp-json\/wp\/v2\/media?parent=481"}],"wp:term":[{"taxonomy":"product_cat","embeddable":true,"href":"https:\/\/mexmotor.com\/index.php\/wp-json\/wp\/v2\/product_cat?post=481"},{"taxonomy":"product_tag","embeddable":true,"href":"https:\/\/mexmotor.com\/index.php\/wp-json\/wp\/v2\/product_tag?post=481"}],"curies":[{"name":"wp","href":"https:\/\/api.w.org\/{rel}","templated":true}]}}