{"id":551,"date":"2024-11-29T22:55:19","date_gmt":"2024-11-29T22:55:19","guid":{"rendered":"https:\/\/mexmotor.com\/?post_type=product&#038;p=551"},"modified":"2025-04-03T05:03:46","modified_gmt":"2025-04-03T05:03:46","slug":"motor-vento-2012-2025-original-vw-2-anos-de-garantia","status":"publish","type":"product","link":"https:\/\/mexmotor.com\/index.php\/product\/motor-vento-2012-2025-original-vw-2-anos-de-garantia\/","title":{"rendered":"Motor Vento 2012-2025 Original Vw 2 A\u00f1os de Garantia"},"content":{"rendered":"<p>Motor Vento 2012-2025 Original Vw 2 A\u00f1os de Garantia (Nuevo) incluye kit de instalaci\u00f3n.<\/p>\n<p>DESCRIPCION:<br \/>\nMOTOR VW 1.6<br \/>\nTOTALMENTE NUEVO<br \/>\nEN PRESENTACION 7\/8<br \/>\nCON GARANTIA DE 2 A\u00d1OS<br \/>\nLISTO PARA INSTALAR<br \/>\nEL MOTOR INCLUYE ,TAPA DE DISTRIBUCION, CARTER, TAPA DE PUNTERIA, TAPA DE DISTRIBUCION, BOMBA DE AGUA, CABEZAS, DISTRIBUCION, MONOBLOCK,PISTONES Y CIGUE\u00d1AL, RETEN TRASERO, BOMBA ACEITE Y BALANCINES.<\/p>\n","protected":false},"excerpt":{"rendered":"<p>Motor Vento 2012-2025 Original Vw 2 A\u00f1os de Garantia (Nuevo) incluye kit de instalaci\u00f3n. DESCRIPCION: MOTOR VW 1.6 TOTALMENTE NUEVO EN PRESENTACION 7\/8 CON GARANTIA DE 2 A\u00d1OS LISTO PARA INSTALAR EL MOTOR INCLUYE ,TAPA DE DISTRIBUCION, CARTER, TAPA DE PUNTERIA, TAPA DE DISTRIBUCION, BOMBA DE AGUA, CABEZAS, DISTRIBUCION, MONOBLOCK,PISTONES Y CIGUE\u00d1AL, RETEN TRASERO, BOMBA [&hellip;]<\/p>\n","protected":false},"featured_media":1029,"comment_status":"open","ping_status":"closed","template":"","meta":[],"product_cat":[140,48],"product_tag":[50,49],"class_list":{"0":"post-551","1":"product","2":"type-product","3":"status-publish","4":"has-post-thumbnail","6":"product_cat-inventario","7":"product_cat-vw","8":"product_tag-polo","9":"product_tag-vw","11":"first","12":"instock","13":"sale","14":"shipping-taxable","15":"purchasable","16":"product-type-simple"},"_links":{"self":[{"href":"https:\/\/mexmotor.com\/index.php\/wp-json\/wp\/v2\/product\/551"}],"collection":[{"href":"https:\/\/mexmotor.com\/index.php\/wp-json\/wp\/v2\/product"}],"about":[{"href":"https:\/\/mexmotor.com\/index.php\/wp-json\/wp\/v2\/types\/product"}],"replies":[{"embeddable":true,"href":"https:\/\/mexmotor.com\/index.php\/wp-json\/wp\/v2\/comments?post=551"}],"wp:featuredmedia":[{"embeddable":true,"href":"https:\/\/mexmotor.com\/index.php\/wp-json\/wp\/v2\/media\/1029"}],"wp:attachment":[{"href":"https:\/\/mexmotor.com\/index.php\/wp-json\/wp\/v2\/media?parent=551"}],"wp:term":[{"taxonomy":"product_cat","embeddable":true,"href":"https:\/\/mexmotor.com\/index.php\/wp-json\/wp\/v2\/product_cat?post=551"},{"taxonomy":"product_tag","embeddable":true,"href":"https:\/\/mexmotor.com\/index.php\/wp-json\/wp\/v2\/product_tag?post=551"}],"curies":[{"name":"wp","href":"https:\/\/api.w.org\/{rel}","templated":true}]}}