{"id":634,"date":"2024-11-30T16:45:15","date_gmt":"2024-11-30T16:45:15","guid":{"rendered":"https:\/\/mexmotor.com\/?post_type=product&#038;p=634"},"modified":"2024-12-05T18:31:43","modified_gmt":"2024-12-05T18:31:43","slug":"motor-toyota-avanza-2016-2020-nuevo-garantia-2-anos","status":"publish","type":"product","link":"https:\/\/mexmotor.com\/index.php\/product\/motor-toyota-avanza-2016-2020-nuevo-garantia-2-anos\/","title":{"rendered":"Motor Toyota Avanza 2016-2020 Nuevo Garant\u00eda 2 A\u00f1os"},"content":{"rendered":"<p>Motor Toyota Avanza 2016-2020 Nuevo Garant\u00eda 2 A\u00f1os<\/p>\n","protected":false},"excerpt":{"rendered":"<p>Motor Toyota Avanza 2016-2020 Nuevo Garant\u00eda 2 A\u00f1os<\/p>\n","protected":false},"featured_media":635,"comment_status":"open","ping_status":"closed","template":"","meta":[],"product_cat":[95],"product_tag":[96],"class_list":{"0":"post-634","1":"product","2":"type-product","3":"status-publish","4":"has-post-thumbnail","6":"product_cat-toyota","7":"product_tag-avanza","9":"first","10":"instock","11":"shipping-taxable","12":"purchasable","13":"product-type-simple"},"_links":{"self":[{"href":"https:\/\/mexmotor.com\/index.php\/wp-json\/wp\/v2\/product\/634"}],"collection":[{"href":"https:\/\/mexmotor.com\/index.php\/wp-json\/wp\/v2\/product"}],"about":[{"href":"https:\/\/mexmotor.com\/index.php\/wp-json\/wp\/v2\/types\/product"}],"replies":[{"embeddable":true,"href":"https:\/\/mexmotor.com\/index.php\/wp-json\/wp\/v2\/comments?post=634"}],"wp:featuredmedia":[{"embeddable":true,"href":"https:\/\/mexmotor.com\/index.php\/wp-json\/wp\/v2\/media\/635"}],"wp:attachment":[{"href":"https:\/\/mexmotor.com\/index.php\/wp-json\/wp\/v2\/media?parent=634"}],"wp:term":[{"taxonomy":"product_cat","embeddable":true,"href":"https:\/\/mexmotor.com\/index.php\/wp-json\/wp\/v2\/product_cat?post=634"},{"taxonomy":"product_tag","embeddable":true,"href":"https:\/\/mexmotor.com\/index.php\/wp-json\/wp\/v2\/product_tag?post=634"}],"curies":[{"name":"wp","href":"https:\/\/api.w.org\/{rel}","templated":true}]}}