{"id":7477,"date":"2025-12-12T19:15:31","date_gmt":"2025-12-12T19:15:31","guid":{"rendered":"https:\/\/mexmotor.com\/?post_type=product&#038;p=7477"},"modified":"2025-12-14T22:00:56","modified_gmt":"2025-12-14T22:00:56","slug":"motor-ford-figo-1-5-l-3-cilindros-nuevo-2019-a-2023","status":"publish","type":"product","link":"https:\/\/mexmotor.com\/index.php\/product\/motor-ford-figo-1-5-l-3-cilindros-nuevo-2019-a-2023\/","title":{"rendered":"Motor Ford Figo 1.5 L 3 Cilindros Nuevo 2016 A 2023"},"content":{"rendered":"<h4 class=\"ui-pdp-title\">NCLUYE: 1 MOTOR NUEVO EN PRESENTACION 7\/8 INCLUYE: -CABEZA COMPLETA CON V\u00c1LVULAS, RESORTES, BALANCINES, BUZOS, ARBOLES DE LEVAS Y BALANCEADOR -DISTRIBUCI\u00d3N: CADENAS,GU\u00cdAS,TENSORES Y ENGRANES -BOMBA DE ACEITE &#8211; BLOQUE CON PISTONES,ANILLOS, BIELAS, CIGO\u00d1AL -RETEN TRASERO. &#8211; COLADERA &#8211; TAPA DE DISTRIBUCION &#8211; TAPA DE PUNTERIA &#8211; DAMPER &#8211; CARTER<\/h4>\n<h4 class=\"ui-pdp-title\">APLICACIONES: FORD FIGO 3 CILINDROS 1.5 2016 AL 2023 :<\/h4>\n<h4 class=\"ui-pdp-title\">GARANT\u00cdA: 2 A\u00d1OS DE GARANT\u00cdA O 40 MIL KM DIRECTAMENTE CON NOSOTROS ** NO CUBRE MALAS INSTALACIONES NI CALENTAMIENTOS ***<\/h4>\n<p>&nbsp;<\/p>\n<form class=\"ui-pdp-bookmark ui-pdp-bookmark__link-bookmark\" action=\"https:\/\/articulo.mercadolibre.com.mx\/p\/MLM2136849283\/bookmark\/add\/MLM2136849283\" method=\"post\"><\/form>\n","protected":false},"excerpt":{"rendered":"<p>NCLUYE: 1 MOTOR NUEVO EN PRESENTACION 7\/8 INCLUYE: -CABEZA COMPLETA CON V\u00c1LVULAS, RESORTES, BALANCINES, BUZOS, ARBOLES DE LEVAS Y BALANCEADOR -DISTRIBUCI\u00d3N: CADENAS,GU\u00cdAS,TENSORES Y ENGRANES -BOMBA DE ACEITE &#8211; BLOQUE CON PISTONES,ANILLOS, BIELAS, CIGO\u00d1AL -RETEN TRASERO. &#8211; COLADERA &#8211; TAPA DE DISTRIBUCION &#8211; TAPA DE PUNTERIA &#8211; DAMPER &#8211; CARTER APLICACIONES: FORD FIGO 3 CILINDROS 1.5 [&hellip;]<\/p>\n","protected":false},"featured_media":7482,"comment_status":"closed","ping_status":"closed","template":"","meta":[],"product_cat":[79,140],"product_tag":[],"class_list":{"0":"post-7477","1":"product","2":"type-product","3":"status-publish","4":"has-post-thumbnail","6":"product_cat-ford","7":"product_cat-inventario","9":"first","10":"instock","11":"shipping-taxable","12":"purchasable","13":"product-type-simple"},"_links":{"self":[{"href":"https:\/\/mexmotor.com\/index.php\/wp-json\/wp\/v2\/product\/7477"}],"collection":[{"href":"https:\/\/mexmotor.com\/index.php\/wp-json\/wp\/v2\/product"}],"about":[{"href":"https:\/\/mexmotor.com\/index.php\/wp-json\/wp\/v2\/types\/product"}],"replies":[{"embeddable":true,"href":"https:\/\/mexmotor.com\/index.php\/wp-json\/wp\/v2\/comments?post=7477"}],"wp:featuredmedia":[{"embeddable":true,"href":"https:\/\/mexmotor.com\/index.php\/wp-json\/wp\/v2\/media\/7482"}],"wp:attachment":[{"href":"https:\/\/mexmotor.com\/index.php\/wp-json\/wp\/v2\/media?parent=7477"}],"wp:term":[{"taxonomy":"product_cat","embeddable":true,"href":"https:\/\/mexmotor.com\/index.php\/wp-json\/wp\/v2\/product_cat?post=7477"},{"taxonomy":"product_tag","embeddable":true,"href":"https:\/\/mexmotor.com\/index.php\/wp-json\/wp\/v2\/product_tag?post=7477"}],"curies":[{"name":"wp","href":"https:\/\/api.w.org\/{rel}","templated":true}]}}