{"id":9316,"date":"2026-02-10T01:59:13","date_gmt":"2026-02-10T01:59:13","guid":{"rendered":"https:\/\/mexmotor.com\/?post_type=product&#038;p=9316"},"modified":"2026-02-10T02:00:36","modified_gmt":"2026-02-10T02:00:36","slug":"motor-vw-2-0t-2006-al-2012nuevo-2-anos-de-garantia","status":"publish","type":"product","link":"https:\/\/mexmotor.com\/index.php\/product\/motor-vw-2-0t-2006-al-2012nuevo-2-anos-de-garantia\/","title":{"rendered":"Motor VW  2.0T 2006 al 2012Nuevo 2 a\u00f1os de garant\u00eda"},"content":{"rendered":"<p>Motor VW Golf Turbo del 2012 al 2017 Original Vw 2 A\u00f1os de Garantia (Nuevo)<\/p>\n<p>DESCRIPCION:<br \/>\nMOTOR VW 2.0 Turbo<br \/>\nTOTALMENTE NUEVO<br \/>\nEN PRESENTACION 7\/8<br \/>\nCON GARANTIA DE 2 A\u00d1OS<br \/>\nLISTO PARA INSTALAR<br \/>\nEL MOTOR INCLUYE ,TAPA DE DISTRIBUCION, CARTER, TAPA DE PUNTERIA, TAPA DE DISTRIBUCION, BOMBA DE AGUA, CABEZAS, DISTRIBUCION, MONOBLOCK,PISTONES Y CIGUE\u00d1AL, RETEN TRASERO, BOMBA ACEITE Y BALANCINES.<\/p>\n","protected":false},"excerpt":{"rendered":"<p>Motor VW Golf Turbo del 2012 al 2017 Original Vw 2 A\u00f1os de Garantia (Nuevo) DESCRIPCION: MOTOR VW 2.0 Turbo TOTALMENTE NUEVO EN PRESENTACION 7\/8 CON GARANTIA DE 2 A\u00d1OS LISTO PARA INSTALAR EL MOTOR INCLUYE ,TAPA DE DISTRIBUCION, CARTER, TAPA DE PUNTERIA, TAPA DE DISTRIBUCION, BOMBA DE AGUA, CABEZAS, DISTRIBUCION, MONOBLOCK,PISTONES Y CIGUE\u00d1AL, RETEN [&hellip;]<\/p>\n","protected":false},"featured_media":7937,"comment_status":"open","ping_status":"closed","template":"","meta":[],"product_cat":[140,48],"product_tag":[50,49],"class_list":{"0":"post-9316","1":"product","2":"type-product","3":"status-publish","4":"has-post-thumbnail","6":"product_cat-inventario","7":"product_cat-vw","8":"product_tag-polo","9":"product_tag-vw","11":"first","12":"instock","13":"sale","14":"shipping-taxable","15":"purchasable","16":"product-type-simple"},"_links":{"self":[{"href":"https:\/\/mexmotor.com\/index.php\/wp-json\/wp\/v2\/product\/9316"}],"collection":[{"href":"https:\/\/mexmotor.com\/index.php\/wp-json\/wp\/v2\/product"}],"about":[{"href":"https:\/\/mexmotor.com\/index.php\/wp-json\/wp\/v2\/types\/product"}],"replies":[{"embeddable":true,"href":"https:\/\/mexmotor.com\/index.php\/wp-json\/wp\/v2\/comments?post=9316"}],"wp:featuredmedia":[{"embeddable":true,"href":"https:\/\/mexmotor.com\/index.php\/wp-json\/wp\/v2\/media\/7937"}],"wp:attachment":[{"href":"https:\/\/mexmotor.com\/index.php\/wp-json\/wp\/v2\/media?parent=9316"}],"wp:term":[{"taxonomy":"product_cat","embeddable":true,"href":"https:\/\/mexmotor.com\/index.php\/wp-json\/wp\/v2\/product_cat?post=9316"},{"taxonomy":"product_tag","embeddable":true,"href":"https:\/\/mexmotor.com\/index.php\/wp-json\/wp\/v2\/product_tag?post=9316"}],"curies":[{"name":"wp","href":"https:\/\/api.w.org\/{rel}","templated":true}]}}